{"id":2477,"date":"2022-08-12T00:06:33","date_gmt":"2022-08-12T00:06:33","guid":{"rendered":"https:\/\/contabilidadelk.com.br\/?page_id=2477"},"modified":"2022-08-12T00:26:48","modified_gmt":"2022-08-12T00:26:48","slug":"home-4","status":"publish","type":"page","link":"https:\/\/contabilidadelk.com.br\/index.php\/home-4\/","title":{"rendered":"Contato"},"content":{"rendered":"\t\t<div data-elementor-type=\"wp-page\" data-elementor-id=\"2477\" class=\"elementor elementor-2477\">\n\t\t\t\t\t\t\t\t\t<section class=\"elementor-section elementor-top-section elementor-element elementor-element-6d6527e elementor-section-full_width elementor-section-stretched elementor-section-height-default elementor-section-height-default\" data-id=\"6d6527e\" data-element_type=\"section\" data-settings=\"{&quot;stretch_section&quot;:&quot;section-stretched&quot;}\">\n\t\t\t\t\t\t<div class=\"elementor-container elementor-column-gap-default\">\n\t\t\t\t\t<div class=\"elementor-column elementor-col-100 elementor-top-column elementor-element elementor-element-7fce6be\" data-id=\"7fce6be\" data-element_type=\"column\">\n\t\t\t<div class=\"elementor-widget-wrap elementor-element-populated\">\n\t\t\t\t\t\t\t\t<div class=\"elementor-element elementor-element-d9dbbe3 elementor-widget elementor-widget-image\" data-id=\"d9dbbe3\" data-element_type=\"widget\" data-widget_type=\"image.default\">\n\t\t\t\t<div class=\"elementor-widget-container\">\n\t\t\t<style>\/*! elementor - v3.6.7 - 03-07-2022 *\/\n.elementor-widget-image{text-align:center}.elementor-widget-image a{display:inline-block}.elementor-widget-image a img[src$=\".svg\"]{width:48px}.elementor-widget-image img{vertical-align:middle;display:inline-block}<\/style>\t\t\t\t\t\t\t\t\t\t\t\t<img loading=\"lazy\" decoding=\"async\" width=\"2000\" height=\"500\" src=\"https:\/\/contabilidadelk.com.br\/wp-content\/uploads\/2022\/08\/contato.jpg\" class=\"attachment-full size-full\" alt=\"\" srcset=\"https:\/\/contabilidadelk.com.br\/wp-content\/uploads\/2022\/08\/contato.jpg 2000w, https:\/\/contabilidadelk.com.br\/wp-content\/uploads\/2022\/08\/contato-300x75.jpg 300w, https:\/\/contabilidadelk.com.br\/wp-content\/uploads\/2022\/08\/contato-1024x256.jpg 1024w, https:\/\/contabilidadelk.com.br\/wp-content\/uploads\/2022\/08\/contato-768x192.jpg 768w, https:\/\/contabilidadelk.com.br\/wp-content\/uploads\/2022\/08\/contato-1536x384.jpg 1536w, https:\/\/contabilidadelk.com.br\/wp-content\/uploads\/2022\/08\/contato-1000x250.jpg 1000w, https:\/\/contabilidadelk.com.br\/wp-content\/uploads\/2022\/08\/contato-350x88.jpg 350w, https:\/\/contabilidadelk.com.br\/wp-content\/uploads\/2022\/08\/contato-1500x375.jpg 1500w\" sizes=\"auto, (max-width: 2000px) 100vw, 2000px\" \/>\t\t\t\t\t\t\t\t\t\t\t\t\t\t\t<\/div>\n\t\t\t\t<\/div>\n\t\t\t\t\t<\/div>\n\t\t<\/div>\n\t\t\t\t\t\t\t<\/div>\n\t\t<\/section>\n\t\t\t\t<section class=\"elementor-section elementor-top-section elementor-element elementor-element-912e7ad elementor-section-full_width elementor-section-height-default elementor-section-height-default\" data-id=\"912e7ad\" data-element_type=\"section\">\n\t\t\t\t\t\t<div class=\"elementor-container elementor-column-gap-default\">\n\t\t\t\t\t<div class=\"elementor-column elementor-col-100 elementor-top-column elementor-element elementor-element-e84257e\" data-id=\"e84257e\" data-element_type=\"column\">\n\t\t\t<div class=\"elementor-widget-wrap elementor-element-populated\">\n\t\t\t\t\t\t\t\t<div class=\"elementor-element elementor-element-c5e5619 elementor-widget elementor-widget-sth6contact\" data-id=\"c5e5619\" data-element_type=\"widget\" data-widget_type=\"sth6contact.default\">\n\t\t\t\t<div class=\"elementor-widget-container\">\n\t\t\t\n         <!-- Star Contact Area\n    ============================================= -->\n    <div class=\"contact-area default-padding\">\n        <!-- Fixed BG -->\n        <div class=\"fixed-bg left\">\n            <img decoding=\"async\" src=\"https:\/\/wordpressriverthemes.com\/aveitelementor\/wp-content\/uploads\/2022\/03\/Rectangle-1.png\" alt=\"Shape\">\n        <\/div>\n        <!-- Fixed BG -->\n    \n        <div class=\"container\">\n            <div class=\"contact-items\">\n                <div class=\"row\">\n                    \n                \n                    <div class=\"col-lg-7 contact-box\">\n                        <div class=\"form-items\">\n                            <h5>Nosso Contato<\/h5>\n                            <h2>Queremos ser o seu escrit\u00f3rio de contabilidade<\/h2>\n                            \n                                [contact-form-7 404 \"N\u00e3o encontrado\"]                            \n                        <\/div>\n                    <\/div>\n\n                    <div class=\"col-lg-5 left-info\">\n                        <div class=\"info-items\">\n                                                    <!-- Single Item -->\n                            <div class=\"item\">\n                                <div class=\"icon\">\n                                    <i class=\"flaticon-location\"><\/i>\n                                <\/div>\n                                <div class=\"info\">\n                                    <h5>Localiza\u00e7\u00e3o<\/h5>\n                                    <p>\n                                        Jo\u00e3o Ac\u00e1cio de Almeida, 237 <br>\nCarapicu\u00edba I 06320-220                                    <\/p>\n                                <\/div>\n                            <\/div>\n                            <!-- End Single Item -->                            <!-- Single Item -->\n                            <div class=\"item\">\n                                <div class=\"icon\">\n                                    <i class=\"flaticon-telephone\"><\/i>\n                                <\/div>\n                                <div class=\"info\">\n                                    <h5>Telefone<\/h5>\n                                    <p>\n                                        11 98283-4271                                    <\/p>\n                                <\/div>\n                            <\/div>\n                            <!-- End Single Item -->                            <!-- Single Item -->\n                            <div class=\"item\">\n                                <div class=\"icon\">\n                                    <i class=\"flaticon-email\"><\/i>\n                                <\/div>\n                                <div class=\"info\">\n                                    <h5>E-mail<\/h5>\n                                    <p>\n                                        lkajuda@contabilidadelk.com.br                                    <\/p>\n                                <\/div>\n                            <\/div>\n                            <!-- End Single Item -->                        <\/div>\n                    <\/div>\n                    \n\n                <\/div>\n            <\/div>\n        <\/div>\n    <\/div>\n    <!-- End Contact Area -->\n\n    \t\t<\/div>\n\t\t\t\t<\/div>\n\t\t\t\t\t<\/div>\n\t\t<\/div>\n\t\t\t\t\t\t\t<\/div>\n\t\t<\/section>\n\t\t\t\t<section class=\"elementor-section elementor-top-section elementor-element elementor-element-ba6cbe2 elementor-section-full_width elementor-section-height-default elementor-section-height-default\" data-id=\"ba6cbe2\" data-element_type=\"section\">\n\t\t\t\t\t\t<div class=\"elementor-container elementor-column-gap-default\">\n\t\t\t\t\t<div class=\"elementor-column elementor-col-100 elementor-top-column elementor-element elementor-element-cf6662d\" data-id=\"cf6662d\" data-element_type=\"column\">\n\t\t\t<div class=\"elementor-widget-wrap elementor-element-populated\">\n\t\t\t\t\t\t\t\t<div class=\"elementor-element elementor-element-4e76f78 elementor-widget elementor-widget-google_maps\" data-id=\"4e76f78\" data-element_type=\"widget\" data-widget_type=\"google_maps.default\">\n\t\t\t\t<div class=\"elementor-widget-container\">\n\t\t\t<style>\/*! elementor - v3.6.7 - 03-07-2022 *\/\n.elementor-widget-google_maps .elementor-widget-container{overflow:hidden}.elementor-widget-google_maps iframe{height:300px}<\/style>\t\t<div class=\"elementor-custom-embed\">\n\t\t\t<iframe frameborder=\"0\" scrolling=\"no\" marginheight=\"0\" marginwidth=\"0\"\n\t\t\t\t\tsrc=\"https:\/\/maps.google.com\/maps?q=Jo%C3%A3o%20Ac%C3%A1cio%20de%20Almeida%2C%20237&#038;t=m&#038;z=19&#038;output=embed&#038;iwloc=near\"\n\t\t\t\t\ttitle=\"Jo\u00e3o Ac\u00e1cio de Almeida, 237\"\n\t\t\t\t\taria-label=\"Jo\u00e3o Ac\u00e1cio de Almeida, 237\"\n\t\t\t><\/iframe>\n\t\t<\/div>\n\t\t\t\t<\/div>\n\t\t\t\t<\/div>\n\t\t\t\t\t<\/div>\n\t\t<\/div>\n\t\t\t\t\t\t\t<\/div>\n\t\t<\/section>\n\t\t\t\t<section class=\"elementor-section elementor-top-section elementor-element elementor-element-90e9944 elementor-section-boxed elementor-section-height-default elementor-section-height-default\" data-id=\"90e9944\" data-element_type=\"section\" data-settings=\"{&quot;background_background&quot;:&quot;classic&quot;}\">\n\t\t\t\t\t\t<div class=\"elementor-container elementor-column-gap-default\">\n\t\t\t\t\t<div class=\"elementor-column elementor-col-50 elementor-top-column elementor-element elementor-element-2665371\" data-id=\"2665371\" data-element_type=\"column\">\n\t\t\t<div class=\"elementor-widget-wrap elementor-element-populated\">\n\t\t\t\t\t\t\t\t<div class=\"elementor-element elementor-element-b702745 elementor-widget elementor-widget-text-editor\" data-id=\"b702745\" data-element_type=\"widget\" data-widget_type=\"text-editor.default\">\n\t\t\t\t<div class=\"elementor-widget-container\">\n\t\t\t<style>\/*! elementor - v3.6.7 - 03-07-2022 *\/\n.elementor-widget-text-editor.elementor-drop-cap-view-stacked .elementor-drop-cap{background-color:#818a91;color:#fff}.elementor-widget-text-editor.elementor-drop-cap-view-framed .elementor-drop-cap{color:#818a91;border:3px solid;background-color:transparent}.elementor-widget-text-editor:not(.elementor-drop-cap-view-default) .elementor-drop-cap{margin-top:8px}.elementor-widget-text-editor:not(.elementor-drop-cap-view-default) .elementor-drop-cap-letter{width:1em;height:1em}.elementor-widget-text-editor .elementor-drop-cap{float:left;text-align:center;line-height:1;font-size:50px}.elementor-widget-text-editor .elementor-drop-cap-letter{display:inline-block}<\/style>\t\t\t\t<p>\u00a9 Copyright 2022 LK Contabilidade I Feito com carinho \u2764 By <a href=\"https:\/\/www.instagram.com\/ariana_petit\/\" target=\"_blank\" rel=\"noopener\">Ariana Petit<\/a><\/p>\t\t\t\t\t\t<\/div>\n\t\t\t\t<\/div>\n\t\t\t\t\t<\/div>\n\t\t<\/div>\n\t\t\t\t<div class=\"elementor-column elementor-col-50 elementor-top-column elementor-element elementor-element-23044d0\" data-id=\"23044d0\" data-element_type=\"column\">\n\t\t\t<div class=\"elementor-widget-wrap elementor-element-populated\">\n\t\t\t\t\t\t\t\t<div class=\"elementor-element elementor-element-36ad281 elementor-shape-rounded elementor-grid-0 e-grid-align-center elementor-widget elementor-widget-social-icons\" data-id=\"36ad281\" data-element_type=\"widget\" data-widget_type=\"social-icons.default\">\n\t\t\t\t<div class=\"elementor-widget-container\">\n\t\t\t<style>\/*! elementor - v3.6.7 - 03-07-2022 *\/\n.elementor-widget-social-icons.elementor-grid-0 .elementor-widget-container,.elementor-widget-social-icons.elementor-grid-mobile-0 .elementor-widget-container,.elementor-widget-social-icons.elementor-grid-tablet-0 .elementor-widget-container{line-height:1;font-size:0}.elementor-widget-social-icons:not(.elementor-grid-0):not(.elementor-grid-tablet-0):not(.elementor-grid-mobile-0) .elementor-grid{display:inline-grid}.elementor-widget-social-icons .elementor-grid{grid-column-gap:var(--grid-column-gap,5px);grid-row-gap:var(--grid-row-gap,5px);grid-template-columns:var(--grid-template-columns);-webkit-box-pack:var(--justify-content,center);-ms-flex-pack:var(--justify-content,center);justify-content:var(--justify-content,center);justify-items:var(--justify-content,center)}.elementor-icon.elementor-social-icon{font-size:var(--icon-size,25px);line-height:var(--icon-size,25px);width:calc(var(--icon-size, 25px) + (2 * var(--icon-padding, .5em)));height:calc(var(--icon-size, 25px) + (2 * var(--icon-padding, .5em)))}.elementor-social-icon{--e-social-icon-icon-color:#fff;display:-webkit-inline-box;display:-ms-inline-flexbox;display:inline-flex;background-color:#818a91;-webkit-box-align:center;-ms-flex-align:center;align-items:center;-webkit-box-pack:center;-ms-flex-pack:center;justify-content:center;text-align:center;cursor:pointer}.elementor-social-icon i{color:var(--e-social-icon-icon-color)}.elementor-social-icon svg{fill:var(--e-social-icon-icon-color)}.elementor-social-icon:last-child{margin:0}.elementor-social-icon:hover{opacity:.9;color:#fff}.elementor-social-icon-android{background-color:#a4c639}.elementor-social-icon-apple{background-color:#999}.elementor-social-icon-behance{background-color:#1769ff}.elementor-social-icon-bitbucket{background-color:#205081}.elementor-social-icon-codepen{background-color:#000}.elementor-social-icon-delicious{background-color:#39f}.elementor-social-icon-deviantart{background-color:#05cc47}.elementor-social-icon-digg{background-color:#005be2}.elementor-social-icon-dribbble{background-color:#ea4c89}.elementor-social-icon-elementor{background-color:#d30c5c}.elementor-social-icon-envelope{background-color:#ea4335}.elementor-social-icon-facebook,.elementor-social-icon-facebook-f{background-color:#3b5998}.elementor-social-icon-flickr{background-color:#0063dc}.elementor-social-icon-foursquare{background-color:#2d5be3}.elementor-social-icon-free-code-camp,.elementor-social-icon-freecodecamp{background-color:#006400}.elementor-social-icon-github{background-color:#333}.elementor-social-icon-gitlab{background-color:#e24329}.elementor-social-icon-globe{background-color:#818a91}.elementor-social-icon-google-plus,.elementor-social-icon-google-plus-g{background-color:#dd4b39}.elementor-social-icon-houzz{background-color:#7ac142}.elementor-social-icon-instagram{background-color:#262626}.elementor-social-icon-jsfiddle{background-color:#487aa2}.elementor-social-icon-link{background-color:#818a91}.elementor-social-icon-linkedin,.elementor-social-icon-linkedin-in{background-color:#0077b5}.elementor-social-icon-medium{background-color:#00ab6b}.elementor-social-icon-meetup{background-color:#ec1c40}.elementor-social-icon-mixcloud{background-color:#273a4b}.elementor-social-icon-odnoklassniki{background-color:#f4731c}.elementor-social-icon-pinterest{background-color:#bd081c}.elementor-social-icon-product-hunt{background-color:#da552f}.elementor-social-icon-reddit{background-color:#ff4500}.elementor-social-icon-rss{background-color:#f26522}.elementor-social-icon-shopping-cart{background-color:#4caf50}.elementor-social-icon-skype{background-color:#00aff0}.elementor-social-icon-slideshare{background-color:#0077b5}.elementor-social-icon-snapchat{background-color:#fffc00}.elementor-social-icon-soundcloud{background-color:#f80}.elementor-social-icon-spotify{background-color:#2ebd59}.elementor-social-icon-stack-overflow{background-color:#fe7a15}.elementor-social-icon-steam{background-color:#00adee}.elementor-social-icon-stumbleupon{background-color:#eb4924}.elementor-social-icon-telegram{background-color:#2ca5e0}.elementor-social-icon-thumb-tack{background-color:#1aa1d8}.elementor-social-icon-tripadvisor{background-color:#589442}.elementor-social-icon-tumblr{background-color:#35465c}.elementor-social-icon-twitch{background-color:#6441a5}.elementor-social-icon-twitter{background-color:#1da1f2}.elementor-social-icon-viber{background-color:#665cac}.elementor-social-icon-vimeo{background-color:#1ab7ea}.elementor-social-icon-vk{background-color:#45668e}.elementor-social-icon-weibo{background-color:#dd2430}.elementor-social-icon-weixin{background-color:#31a918}.elementor-social-icon-whatsapp{background-color:#25d366}.elementor-social-icon-wordpress{background-color:#21759b}.elementor-social-icon-xing{background-color:#026466}.elementor-social-icon-yelp{background-color:#af0606}.elementor-social-icon-youtube{background-color:#cd201f}.elementor-social-icon-500px{background-color:#0099e5}.elementor-shape-rounded .elementor-icon.elementor-social-icon{border-radius:10%}.elementor-shape-circle .elementor-icon.elementor-social-icon{border-radius:50%}<\/style>\t\t<div class=\"elementor-social-icons-wrapper elementor-grid\">\n\t\t\t\t\t\t\t<span class=\"elementor-grid-item\">\n\t\t\t\t\t<a class=\"elementor-icon elementor-social-icon elementor-social-icon-facebook elementor-repeater-item-e70c130\" target=\"_blank\">\n\t\t\t\t\t\t<span class=\"elementor-screen-only\">Facebook<\/span>\n\t\t\t\t\t\t<i class=\"fab fa-facebook\"><\/i>\t\t\t\t\t<\/a>\n\t\t\t\t<\/span>\n\t\t\t\t\t\t\t<span class=\"elementor-grid-item\">\n\t\t\t\t\t<a class=\"elementor-icon elementor-social-icon elementor-social-icon-instagram elementor-repeater-item-7e0b9b8\" target=\"_blank\">\n\t\t\t\t\t\t<span class=\"elementor-screen-only\">Instagram<\/span>\n\t\t\t\t\t\t<i class=\"fab fa-instagram\"><\/i>\t\t\t\t\t<\/a>\n\t\t\t\t<\/span>\n\t\t\t\t\t\t\t<span class=\"elementor-grid-item\">\n\t\t\t\t\t<a class=\"elementor-icon elementor-social-icon elementor-social-icon-whatsapp elementor-repeater-item-3a36596\" target=\"_blank\">\n\t\t\t\t\t\t<span class=\"elementor-screen-only\">Whatsapp<\/span>\n\t\t\t\t\t\t<i class=\"fab fa-whatsapp\"><\/i>\t\t\t\t\t<\/a>\n\t\t\t\t<\/span>\n\t\t\t\t\t\t\t<span class=\"elementor-grid-item\">\n\t\t\t\t\t<a class=\"elementor-icon elementor-social-icon elementor-social-icon-youtube elementor-repeater-item-8587c1b\" target=\"_blank\">\n\t\t\t\t\t\t<span class=\"elementor-screen-only\">Youtube<\/span>\n\t\t\t\t\t\t<i class=\"fab fa-youtube\"><\/i>\t\t\t\t\t<\/a>\n\t\t\t\t<\/span>\n\t\t\t\t\t<\/div>\n\t\t\t\t<\/div>\n\t\t\t\t<\/div>\n\t\t\t\t\t<\/div>\n\t\t<\/div>\n\t\t\t\t\t\t\t<\/div>\n\t\t<\/section>\n\t\t\t\t\t\t\t<\/div>\n\t\t","protected":false},"excerpt":{"rendered":"<p>Nosso Contato Queremos ser o seu escrit\u00f3rio de contabilidade Send Now Localiza\u00e7\u00e3o Jo\u00e3o Ac\u00e1cio de Almeida, 237 Carapicu\u00edba I 06320-220 Telefone 11 98283-4271 E-mail lkajuda@contabilidadelk.com.br \u00a9 Copyright 2022 LK Contabilidade I Feito com carinho \u2764 By Ariana Petit Facebook Instagram Whatsapp Youtube<\/p>\n","protected":false},"author":1,"featured_media":0,"parent":0,"menu_order":0,"comment_status":"closed","ping_status":"closed","template":"page-templates\/business.php","meta":{"_joinchat":[],"footnotes":""},"class_list":["post-2477","page","type-page","status-publish","hentry"],"yoast_head":"<!-- This site is optimized with the Yoast SEO plugin v19.7.1 - https:\/\/yoast.com\/wordpress\/plugins\/seo\/ -->\n<title>Contato - Contabilidade LK<\/title>\n<meta name=\"robots\" content=\"index, follow, max-snippet:-1, max-image-preview:large, max-video-preview:-1\" \/>\n<link rel=\"canonical\" href=\"https:\/\/contabilidadelk.com.br\/index.php\/home-4\/\" \/>\n<meta property=\"og:locale\" content=\"pt_BR\" \/>\n<meta property=\"og:type\" content=\"article\" \/>\n<meta property=\"og:title\" content=\"Contato - Contabilidade LK\" \/>\n<meta property=\"og:description\" content=\"Nosso Contato Queremos ser o seu escrit\u00f3rio de contabilidade Send Now Localiza\u00e7\u00e3o Jo\u00e3o Ac\u00e1cio de Almeida, 237 Carapicu\u00edba I 06320-220 Telefone 11 98283-4271 E-mail lkajuda@contabilidadelk.com.br \u00a9 Copyright 2022 LK Contabilidade I Feito com carinho \u2764 By Ariana Petit Facebook Instagram Whatsapp Youtube\" \/>\n<meta property=\"og:url\" content=\"https:\/\/contabilidadelk.com.br\/index.php\/home-4\/\" \/>\n<meta property=\"og:site_name\" content=\"Contabilidade LK\" \/>\n<meta property=\"article:modified_time\" content=\"2022-08-12T00:26:48+00:00\" \/>\n<meta property=\"og:image\" content=\"https:\/\/contabilidadelk.com.br\/wp-content\/uploads\/2022\/08\/contato.jpg\" \/>\n<meta name=\"twitter:card\" content=\"summary_large_image\" \/>\n<meta name=\"twitter:label1\" content=\"Est. tempo de leitura\" \/>\n\t<meta name=\"twitter:data1\" content=\"1 minuto\" \/>\n<script type=\"application\/ld+json\" class=\"yoast-schema-graph\">{\"@context\":\"https:\/\/schema.org\",\"@graph\":[{\"@type\":\"WebPage\",\"@id\":\"https:\/\/contabilidadelk.com.br\/index.php\/home-4\/\",\"url\":\"https:\/\/contabilidadelk.com.br\/index.php\/home-4\/\",\"name\":\"Contato - Contabilidade LK\",\"isPartOf\":{\"@id\":\"https:\/\/contabilidadelk.com.br\/#website\"},\"datePublished\":\"2022-08-12T00:06:33+00:00\",\"dateModified\":\"2022-08-12T00:26:48+00:00\",\"breadcrumb\":{\"@id\":\"https:\/\/contabilidadelk.com.br\/index.php\/home-4\/#breadcrumb\"},\"inLanguage\":\"pt-BR\",\"potentialAction\":[{\"@type\":\"ReadAction\",\"target\":[\"https:\/\/contabilidadelk.com.br\/index.php\/home-4\/\"]}]},{\"@type\":\"BreadcrumbList\",\"@id\":\"https:\/\/contabilidadelk.com.br\/index.php\/home-4\/#breadcrumb\",\"itemListElement\":[{\"@type\":\"ListItem\",\"position\":1,\"name\":\"In\u00edcio\",\"item\":\"https:\/\/contabilidadelk.com.br\/\"},{\"@type\":\"ListItem\",\"position\":2,\"name\":\"Contato\"}]},{\"@type\":\"WebSite\",\"@id\":\"https:\/\/contabilidadelk.com.br\/#website\",\"url\":\"https:\/\/contabilidadelk.com.br\/\",\"name\":\"Contabilidade LK\",\"description\":\"\",\"publisher\":{\"@id\":\"https:\/\/contabilidadelk.com.br\/#organization\"},\"potentialAction\":[{\"@type\":\"SearchAction\",\"target\":{\"@type\":\"EntryPoint\",\"urlTemplate\":\"https:\/\/contabilidadelk.com.br\/?s={search_term_string}\"},\"query-input\":\"required name=search_term_string\"}],\"inLanguage\":\"pt-BR\"},{\"@type\":\"Organization\",\"@id\":\"https:\/\/contabilidadelk.com.br\/#organization\",\"name\":\"Contabilidade LK\",\"url\":\"https:\/\/contabilidadelk.com.br\/\",\"sameAs\":[],\"logo\":{\"@type\":\"ImageObject\",\"inLanguage\":\"pt-BR\",\"@id\":\"https:\/\/contabilidadelk.com.br\/#\/schema\/logo\/image\/\",\"url\":\"https:\/\/contabilidadelk.com.br\/wp-content\/uploads\/2022\/07\/logo-geral-site.png\",\"contentUrl\":\"https:\/\/contabilidadelk.com.br\/wp-content\/uploads\/2022\/07\/logo-geral-site.png\",\"width\":500,\"height\":180,\"caption\":\"Contabilidade LK\"},\"image\":{\"@id\":\"https:\/\/contabilidadelk.com.br\/#\/schema\/logo\/image\/\"}}]}<\/script>\n<!-- \/ Yoast SEO plugin. -->","yoast_head_json":{"title":"Contato - Contabilidade LK","robots":{"index":"index","follow":"follow","max-snippet":"max-snippet:-1","max-image-preview":"max-image-preview:large","max-video-preview":"max-video-preview:-1"},"canonical":"https:\/\/contabilidadelk.com.br\/index.php\/home-4\/","og_locale":"pt_BR","og_type":"article","og_title":"Contato - Contabilidade LK","og_description":"Nosso Contato Queremos ser o seu escrit\u00f3rio de contabilidade Send Now Localiza\u00e7\u00e3o Jo\u00e3o Ac\u00e1cio de Almeida, 237 Carapicu\u00edba I 06320-220 Telefone 11 98283-4271 E-mail lkajuda@contabilidadelk.com.br \u00a9 Copyright 2022 LK Contabilidade I Feito com carinho \u2764 By Ariana Petit Facebook Instagram Whatsapp Youtube","og_url":"https:\/\/contabilidadelk.com.br\/index.php\/home-4\/","og_site_name":"Contabilidade LK","article_modified_time":"2022-08-12T00:26:48+00:00","og_image":[{"url":"https:\/\/contabilidadelk.com.br\/wp-content\/uploads\/2022\/08\/contato.jpg"}],"twitter_card":"summary_large_image","twitter_misc":{"Est. tempo de leitura":"1 minuto"},"schema":{"@context":"https:\/\/schema.org","@graph":[{"@type":"WebPage","@id":"https:\/\/contabilidadelk.com.br\/index.php\/home-4\/","url":"https:\/\/contabilidadelk.com.br\/index.php\/home-4\/","name":"Contato - Contabilidade LK","isPartOf":{"@id":"https:\/\/contabilidadelk.com.br\/#website"},"datePublished":"2022-08-12T00:06:33+00:00","dateModified":"2022-08-12T00:26:48+00:00","breadcrumb":{"@id":"https:\/\/contabilidadelk.com.br\/index.php\/home-4\/#breadcrumb"},"inLanguage":"pt-BR","potentialAction":[{"@type":"ReadAction","target":["https:\/\/contabilidadelk.com.br\/index.php\/home-4\/"]}]},{"@type":"BreadcrumbList","@id":"https:\/\/contabilidadelk.com.br\/index.php\/home-4\/#breadcrumb","itemListElement":[{"@type":"ListItem","position":1,"name":"In\u00edcio","item":"https:\/\/contabilidadelk.com.br\/"},{"@type":"ListItem","position":2,"name":"Contato"}]},{"@type":"WebSite","@id":"https:\/\/contabilidadelk.com.br\/#website","url":"https:\/\/contabilidadelk.com.br\/","name":"Contabilidade LK","description":"","publisher":{"@id":"https:\/\/contabilidadelk.com.br\/#organization"},"potentialAction":[{"@type":"SearchAction","target":{"@type":"EntryPoint","urlTemplate":"https:\/\/contabilidadelk.com.br\/?s={search_term_string}"},"query-input":"required name=search_term_string"}],"inLanguage":"pt-BR"},{"@type":"Organization","@id":"https:\/\/contabilidadelk.com.br\/#organization","name":"Contabilidade LK","url":"https:\/\/contabilidadelk.com.br\/","sameAs":[],"logo":{"@type":"ImageObject","inLanguage":"pt-BR","@id":"https:\/\/contabilidadelk.com.br\/#\/schema\/logo\/image\/","url":"https:\/\/contabilidadelk.com.br\/wp-content\/uploads\/2022\/07\/logo-geral-site.png","contentUrl":"https:\/\/contabilidadelk.com.br\/wp-content\/uploads\/2022\/07\/logo-geral-site.png","width":500,"height":180,"caption":"Contabilidade LK"},"image":{"@id":"https:\/\/contabilidadelk.com.br\/#\/schema\/logo\/image\/"}}]}},"_links":{"self":[{"href":"https:\/\/contabilidadelk.com.br\/index.php\/wp-json\/wp\/v2\/pages\/2477","targetHints":{"allow":["GET"]}}],"collection":[{"href":"https:\/\/contabilidadelk.com.br\/index.php\/wp-json\/wp\/v2\/pages"}],"about":[{"href":"https:\/\/contabilidadelk.com.br\/index.php\/wp-json\/wp\/v2\/types\/page"}],"author":[{"embeddable":true,"href":"https:\/\/contabilidadelk.com.br\/index.php\/wp-json\/wp\/v2\/users\/1"}],"replies":[{"embeddable":true,"href":"https:\/\/contabilidadelk.com.br\/index.php\/wp-json\/wp\/v2\/comments?post=2477"}],"version-history":[{"count":15,"href":"https:\/\/contabilidadelk.com.br\/index.php\/wp-json\/wp\/v2\/pages\/2477\/revisions"}],"predecessor-version":[{"id":2496,"href":"https:\/\/contabilidadelk.com.br\/index.php\/wp-json\/wp\/v2\/pages\/2477\/revisions\/2496"}],"wp:attachment":[{"href":"https:\/\/contabilidadelk.com.br\/index.php\/wp-json\/wp\/v2\/media?parent=2477"}],"curies":[{"name":"wp","href":"https:\/\/api.w.org\/{rel}","templated":true}]}}